{"id":152,"date":"2017-12-01T16:50:17","date_gmt":"2017-12-01T16:50:17","guid":{"rendered":"http:\/\/produtosema.com.br\/site\/?page_id=152"},"modified":"2017-12-01T16:50:17","modified_gmt":"2017-12-01T16:50:17","slug":"salsichao","status":"publish","type":"page","link":"http:\/\/produtosema.com.br\/site\/produtos\/salsichao\/","title":{"rendered":"Salsich\u00e3o"},"content":{"rendered":"<div id=\"pl-152\"  class=\"panel-layout\" ><div id=\"pg-152-0\"  class=\"panel-grid panel-no-style\" ><div id=\"pgc-152-0-0\"  class=\"panel-grid-cell\" ><div id=\"panel-152-0-0-0\" class=\"so-panel widget widget_sow-image panel-first-child\" data-index=\"0\" ><div\n\t\t\t\n\t\t\tclass=\"so-widget-sow-image so-widget-sow-image-default-8b5b6f678277-152\"\n\t\t\t\n\t\t>\n\n<div class=\"sow-image-container\">\n\t\t<img decoding=\"async\" src=\"http:\/\/produtosema.com.br\/site\/wp-content\/uploads\/2017\/11\/salsichao.jpg\" width=\"800\" height=\"1130\" srcset=\"http:\/\/produtosema.com.br\/site\/wp-content\/uploads\/2017\/11\/salsichao.jpg 800w, http:\/\/produtosema.com.br\/site\/wp-content\/uploads\/2017\/11\/salsichao-212x300.jpg 212w, http:\/\/produtosema.com.br\/site\/wp-content\/uploads\/2017\/11\/salsichao-768x1085.jpg 768w, http:\/\/produtosema.com.br\/site\/wp-content\/uploads\/2017\/11\/salsichao-725x1024.jpg 725w\" sizes=\"(max-width: 800px) 100vw, 800px\" alt=\"\" loading=\"lazy\" \t\tclass=\"so-widget-image\"\/>\n\t<\/div>\n\n<\/div><\/div><div id=\"panel-152-0-0-1\" class=\"so-panel widget widget_sow-button panel-last-child\" data-index=\"1\" ><div\n\t\t\t\n\t\t\tclass=\"so-widget-sow-button so-widget-sow-button-atom-cf3978193511-152\"\n\t\t\t\n\t\t><div class=\"ow-button-base ow-button-align-center\">\n\t<a\n\thref=\"http:\/\/produtosema.com.br\/site\/produtos\"\n\t\tclass=\"ow-icon-placement-left ow-button-hover\" \t>\n\t\t<span>\n\t\t\t<span class=\"sow-icon-fontawesome sow-fas\" data-sow-icon=\"&#xf060;\"\n\t\tstyle=\"color: #ffffff\" \n\t\taria-hidden=\"true\"><\/span>\n\t\t\tVoltar\t\t<\/span>\n\t<\/a>\n<\/div>\n<\/div><\/div><\/div><div id=\"pgc-152-0-1\"  class=\"panel-grid-cell\" ><div id=\"panel-152-0-1-0\" class=\"so-panel widget widget_sow-editor panel-first-child panel-last-child\" data-index=\"2\" ><div class=\"panel-widget-style panel-widget-style-for-152-0-1-0\" ><div\n\t\t\t\n\t\t\tclass=\"so-widget-sow-editor so-widget-sow-editor-base\"\n\t\t\t\n\t\t>\n<div class=\"siteorigin-widget-tinymce textwidget\">\n\t<h4>Ingredientes:<\/h4>\n<p>Carne industrial bovina, toucinho su\u00edno, carne mecanicamente separada de frango, \u00e1gua pot\u00e1vel, f\u00e9cula de mandioca, sal refinado, prote\u00edna de soja, especiarias, flavorizantes aromas naturais, prote\u00edna vegetal hidrolizada, real\u00e7ador de sabor glutamato monoss\u00f3dico, conservadores nitrato e nitrito de s\u00f3dio, a\u00e7\u00facar refinado, antioxidante eritorbato de s\u00f3dio, acidulante \u00e1cido c\u00edtrico, estabilizante tripolifosfato de s\u00f3dio. N\u00e3o Cont\u00e9m Gl\u00faten<\/p>\n<h4>Embalagens: <\/h4>\n<p>500g<br \/>\n3Kg<br \/>\n5Kg<\/p>\n<\/div>\n<\/div><\/div><\/div><\/div><div id=\"pgc-152-0-2\"  class=\"panel-grid-cell\" ><div id=\"panel-152-0-2-0\" class=\"so-panel widget widget_sow-image panel-first-child panel-last-child\" data-index=\"3\" ><div\n\t\t\t\n\t\t\tclass=\"so-widget-sow-image so-widget-sow-image-default-4e6925654b7a-152\"\n\t\t\t\n\t\t>\n\n<div class=\"sow-image-container\">\n\t\t<img decoding=\"async\" src=\"http:\/\/produtosema.com.br\/site\/wp-content\/uploads\/2017\/12\/tab_salsichao.jpg\" width=\"450\" height=\"573\" srcset=\"http:\/\/produtosema.com.br\/site\/wp-content\/uploads\/2017\/12\/tab_salsichao.jpg 450w, http:\/\/produtosema.com.br\/site\/wp-content\/uploads\/2017\/12\/tab_salsichao-236x300.jpg 236w\" sizes=\"(max-width: 450px) 100vw, 450px\" alt=\"\" loading=\"lazy\" \t\tclass=\"so-widget-image\"\/>\n\t<\/div>\n\n<\/div><\/div><\/div><\/div><\/div>","protected":false},"excerpt":{"rendered":"<p>Ingredientes: Carne industrial bovina, toucinho su\u00edno, carne mecanicamente separada de frango, \u00e1gua pot\u00e1vel, f\u00e9cula de mandioca, sal refinado, prote\u00edna de soja, especiarias, flavorizantes aromas naturais, prote\u00edna vegetal hidrolizada, real\u00e7ador de sabor glutamato monoss\u00f3dico, conservadores nitrato e nitrito de s\u00f3dio, a\u00e7\u00facar refinado, antioxidante eritorbato de s\u00f3dio, acidulante \u00e1cido c\u00edtrico, estabilizante tripolifosfato de s\u00f3dio. N\u00e3o Cont\u00e9m Gl\u00faten [&hellip;]<\/p>\n","protected":false},"author":1,"featured_media":0,"parent":39,"menu_order":0,"comment_status":"closed","ping_status":"closed","template":"","meta":{"_monsterinsights_skip_tracking":false,"_monsterinsights_sitenote_active":false,"_monsterinsights_sitenote_note":"","_monsterinsights_sitenote_category":0,"footnotes":""},"_links":{"self":[{"href":"http:\/\/produtosema.com.br\/site\/wp-json\/wp\/v2\/pages\/152"}],"collection":[{"href":"http:\/\/produtosema.com.br\/site\/wp-json\/wp\/v2\/pages"}],"about":[{"href":"http:\/\/produtosema.com.br\/site\/wp-json\/wp\/v2\/types\/page"}],"author":[{"embeddable":true,"href":"http:\/\/produtosema.com.br\/site\/wp-json\/wp\/v2\/users\/1"}],"replies":[{"embeddable":true,"href":"http:\/\/produtosema.com.br\/site\/wp-json\/wp\/v2\/comments?post=152"}],"version-history":[{"count":2,"href":"http:\/\/produtosema.com.br\/site\/wp-json\/wp\/v2\/pages\/152\/revisions"}],"predecessor-version":[{"id":154,"href":"http:\/\/produtosema.com.br\/site\/wp-json\/wp\/v2\/pages\/152\/revisions\/154"}],"up":[{"embeddable":true,"href":"http:\/\/produtosema.com.br\/site\/wp-json\/wp\/v2\/pages\/39"}],"wp:attachment":[{"href":"http:\/\/produtosema.com.br\/site\/wp-json\/wp\/v2\/media?parent=152"}],"curies":[{"name":"wp","href":"https:\/\/api.w.org\/{rel}","templated":true}]}}