{"id":176,"date":"2017-12-06T18:01:00","date_gmt":"2017-12-06T18:01:00","guid":{"rendered":"http:\/\/produtosema.com.br\/site\/?page_id=176"},"modified":"2017-12-06T18:01:01","modified_gmt":"2017-12-06T18:01:01","slug":"linguica-suina-rucula","status":"publish","type":"page","link":"http:\/\/produtosema.com.br\/site\/produtos\/linguica-suina-rucula\/","title":{"rendered":"Lingui\u00e7a de Carne Su\u00edna com R\u00facula e Queijo"},"content":{"rendered":"<div id=\"pl-176\"  class=\"panel-layout\" ><div id=\"pg-176-0\"  class=\"panel-grid panel-no-style\" ><div id=\"pgc-176-0-0\"  class=\"panel-grid-cell\" ><div id=\"panel-176-0-0-0\" class=\"so-panel widget widget_sow-image panel-first-child\" data-index=\"0\" ><div\n\t\t\t\n\t\t\tclass=\"so-widget-sow-image so-widget-sow-image-default-8b5b6f678277-176\"\n\t\t\t\n\t\t>\n\n<div class=\"sow-image-container\">\n\t\t<img decoding=\"async\" src=\"http:\/\/produtosema.com.br\/site\/wp-content\/uploads\/2017\/11\/ling_carneSuina_rucula.jpg\" width=\"800\" height=\"1130\" srcset=\"http:\/\/produtosema.com.br\/site\/wp-content\/uploads\/2017\/11\/ling_carneSuina_rucula.jpg 800w, http:\/\/produtosema.com.br\/site\/wp-content\/uploads\/2017\/11\/ling_carneSuina_rucula-212x300.jpg 212w, http:\/\/produtosema.com.br\/site\/wp-content\/uploads\/2017\/11\/ling_carneSuina_rucula-768x1085.jpg 768w, http:\/\/produtosema.com.br\/site\/wp-content\/uploads\/2017\/11\/ling_carneSuina_rucula-725x1024.jpg 725w\" sizes=\"(max-width: 800px) 100vw, 800px\" alt=\"\" loading=\"lazy\" \t\tclass=\"so-widget-image\"\/>\n\t<\/div>\n\n<\/div><\/div><div id=\"panel-176-0-0-1\" class=\"so-panel widget widget_sow-button panel-last-child\" data-index=\"1\" ><div\n\t\t\t\n\t\t\tclass=\"so-widget-sow-button so-widget-sow-button-atom-ce88d318170c-176\"\n\t\t\t\n\t\t><div class=\"ow-button-base ow-button-align-center\">\n\t<a\n\thref=\"http:\/\/produtosema.com.br\/site\/produtos\/\"\n\t\tclass=\"ow-icon-placement-left ow-button-hover\" \t>\n\t\t<span>\n\t\t\t<span class=\"sow-icon-fontawesome sow-fas\" data-sow-icon=\"&#xf060;\"\n\t\tstyle=\"color: #ffffff\" \n\t\taria-hidden=\"true\"><\/span>\n\t\t\tVoltar\t\t<\/span>\n\t<\/a>\n<\/div>\n<\/div><\/div><\/div><div id=\"pgc-176-0-1\"  class=\"panel-grid-cell\" ><div id=\"panel-176-0-1-0\" class=\"so-panel widget widget_sow-editor panel-first-child panel-last-child\" data-index=\"2\" ><div class=\"panel-widget-style panel-widget-style-for-176-0-1-0\" ><div\n\t\t\t\n\t\t\tclass=\"so-widget-sow-editor so-widget-sow-editor-base\"\n\t\t\t\n\t\t>\n<div class=\"siteorigin-widget-tinymce textwidget\">\n\t<h4>Ingredientes: <\/h4>\n<p>Carne Su\u00edna, Queijo Provolone, R\u00facula, Queijo Mussarela, Sal, A\u00e7\u00facar, Alho, Pimenta Calabresa, Antioxidantes Eritorbato de S\u00f3dio e \u00c1cido Asc\u00f3rbico, Conservador Nitrito de s\u00f3dio, Real\u00e7ador de Sabor Glutamato Monoss\u00f3dico, Especiarias, Flavorizantes Aromas Naturais e Acidulante \u00c1cido C\u00edtrico. N\u00c3O CONT\u00c9M GL\u00daTEN.<\/p>\n<h4>Embalagens:<\/h4>\n<p>5Kg<\/p>\n<\/div>\n<\/div><\/div><\/div><\/div><div id=\"pgc-176-0-2\"  class=\"panel-grid-cell\" ><div id=\"panel-176-0-2-0\" class=\"so-panel widget widget_sow-image panel-first-child panel-last-child\" data-index=\"3\" ><div\n\t\t\t\n\t\t\tclass=\"so-widget-sow-image so-widget-sow-image-default-8b5b6f678277-176\"\n\t\t\t\n\t\t>\n\n<div class=\"sow-image-container\">\n\t\t<img decoding=\"async\" src=\"http:\/\/produtosema.com.br\/site\/wp-content\/uploads\/2017\/12\/tab_ling_Suina_Rucula_Queijo.jpg\" width=\"450\" height=\"547\" srcset=\"http:\/\/produtosema.com.br\/site\/wp-content\/uploads\/2017\/12\/tab_ling_Suina_Rucula_Queijo.jpg 450w, http:\/\/produtosema.com.br\/site\/wp-content\/uploads\/2017\/12\/tab_ling_Suina_Rucula_Queijo-247x300.jpg 247w\" sizes=\"(max-width: 450px) 100vw, 450px\" alt=\"\" loading=\"lazy\" \t\tclass=\"so-widget-image\"\/>\n\t<\/div>\n\n<\/div><\/div><\/div><\/div><\/div>","protected":false},"excerpt":{"rendered":"<p>Ingredientes: Carne Su\u00edna, Queijo Provolone, R\u00facula, Queijo Mussarela, Sal, A\u00e7\u00facar, Alho, Pimenta Calabresa, Antioxidantes Eritorbato de S\u00f3dio e \u00c1cido Asc\u00f3rbico, Conservador Nitrito de s\u00f3dio, Real\u00e7ador de Sabor Glutamato Monoss\u00f3dico, Especiarias, Flavorizantes Aromas Naturais e Acidulante \u00c1cido C\u00edtrico. N\u00c3O CONT\u00c9M GL\u00daTEN. Embalagens: 5Kg<\/p>\n","protected":false},"author":1,"featured_media":0,"parent":39,"menu_order":0,"comment_status":"closed","ping_status":"closed","template":"","meta":{"_monsterinsights_skip_tracking":false,"_monsterinsights_sitenote_active":false,"_monsterinsights_sitenote_note":"","_monsterinsights_sitenote_category":0,"footnotes":""},"_links":{"self":[{"href":"http:\/\/produtosema.com.br\/site\/wp-json\/wp\/v2\/pages\/176"}],"collection":[{"href":"http:\/\/produtosema.com.br\/site\/wp-json\/wp\/v2\/pages"}],"about":[{"href":"http:\/\/produtosema.com.br\/site\/wp-json\/wp\/v2\/types\/page"}],"author":[{"embeddable":true,"href":"http:\/\/produtosema.com.br\/site\/wp-json\/wp\/v2\/users\/1"}],"replies":[{"embeddable":true,"href":"http:\/\/produtosema.com.br\/site\/wp-json\/wp\/v2\/comments?post=176"}],"version-history":[{"count":2,"href":"http:\/\/produtosema.com.br\/site\/wp-json\/wp\/v2\/pages\/176\/revisions"}],"predecessor-version":[{"id":179,"href":"http:\/\/produtosema.com.br\/site\/wp-json\/wp\/v2\/pages\/176\/revisions\/179"}],"up":[{"embeddable":true,"href":"http:\/\/produtosema.com.br\/site\/wp-json\/wp\/v2\/pages\/39"}],"wp:attachment":[{"href":"http:\/\/produtosema.com.br\/site\/wp-json\/wp\/v2\/media?parent=176"}],"curies":[{"name":"wp","href":"https:\/\/api.w.org\/{rel}","templated":true}]}}