{"id":214,"date":"2017-12-07T12:26:07","date_gmt":"2017-12-07T12:26:07","guid":{"rendered":"http:\/\/produtosema.com.br\/site\/?page_id=214"},"modified":"2017-12-07T12:26:07","modified_gmt":"2017-12-07T12:26:07","slug":"linguica-tipo-calabresa-defumada","status":"publish","type":"page","link":"http:\/\/produtosema.com.br\/site\/produtos\/linguica-tipo-calabresa-defumada\/","title":{"rendered":"Lingui\u00e7a tipo Calabresa Defumada"},"content":{"rendered":"<div id=\"pl-214\"  class=\"panel-layout\" ><div id=\"pg-214-0\"  class=\"panel-grid panel-no-style\" ><div id=\"pgc-214-0-0\"  class=\"panel-grid-cell\" ><div id=\"panel-214-0-0-0\" class=\"so-panel widget widget_sow-image panel-first-child\" data-index=\"0\" ><div\n\t\t\t\n\t\t\tclass=\"so-widget-sow-image so-widget-sow-image-default-8b5b6f678277-214\"\n\t\t\t\n\t\t>\n\n<div class=\"sow-image-container\">\n\t\t<img decoding=\"async\" src=\"http:\/\/produtosema.com.br\/site\/wp-content\/uploads\/2017\/11\/ling_tipo_calabresa.jpg\" width=\"800\" height=\"1130\" srcset=\"http:\/\/produtosema.com.br\/site\/wp-content\/uploads\/2017\/11\/ling_tipo_calabresa.jpg 800w, http:\/\/produtosema.com.br\/site\/wp-content\/uploads\/2017\/11\/ling_tipo_calabresa-212x300.jpg 212w, http:\/\/produtosema.com.br\/site\/wp-content\/uploads\/2017\/11\/ling_tipo_calabresa-768x1085.jpg 768w, http:\/\/produtosema.com.br\/site\/wp-content\/uploads\/2017\/11\/ling_tipo_calabresa-725x1024.jpg 725w\" sizes=\"(max-width: 800px) 100vw, 800px\" alt=\"\" loading=\"lazy\" \t\tclass=\"so-widget-image\"\/>\n\t<\/div>\n\n<\/div><\/div><div id=\"panel-214-0-0-1\" class=\"so-panel widget widget_sow-button panel-last-child\" data-index=\"1\" ><div\n\t\t\t\n\t\t\tclass=\"so-widget-sow-button so-widget-sow-button-atom-ce88d318170c-214\"\n\t\t\t\n\t\t><div class=\"ow-button-base ow-button-align-center\">\n\t<a\n\thref=\"http:\/\/produtosema.com.br\/site\/produtos\/\"\n\t\tclass=\"ow-icon-placement-left ow-button-hover\" \t>\n\t\t<span>\n\t\t\t<span class=\"sow-icon-fontawesome sow-fas\" data-sow-icon=\"&#xf060;\"\n\t\tstyle=\"color: #ffffff\" \n\t\taria-hidden=\"true\"><\/span>\n\t\t\tVoltar\t\t<\/span>\n\t<\/a>\n<\/div>\n<\/div><\/div><\/div><div id=\"pgc-214-0-1\"  class=\"panel-grid-cell\" ><div id=\"panel-214-0-1-0\" class=\"so-panel widget widget_sow-editor panel-first-child panel-last-child\" data-index=\"2\" ><div\n\t\t\t\n\t\t\tclass=\"so-widget-sow-editor so-widget-sow-editor-base\"\n\t\t\t\n\t\t>\n<div class=\"siteorigin-widget-tinymce textwidget\">\n\t<h4>Ingredientes:<\/h4>\n<p>Carne Su\u00edna, Carne Mecanicamente Separada de Aves, Toucinho, \u00c1gua, Sal, Prote\u00edna de Soja, A\u00e7\u00facar, Estabilizante Tripolifosfato de S\u00f3dio, Real\u00e7ador de Sabor Glutamato Monoss\u00f3dico, Antioxidante Eritorbato de S\u00f3dio, Antioxidante \u00c1cido Asc\u00f3rbico, Especiarias e Aromas Naturais, Corante Natural de Cochonilha, Conservadores Nitrito de S\u00f3dio e Nitrato de S\u00f3dio. Cont\u00e9m Carne Mecanicamente Separada de Aves. N\u00c3O CONT\u00c9M GL\u00daTEN.<\/p>\n<h4>Embalagens:<\/h4>\n<p>4Kg<\/p>\n<\/div>\n<\/div><\/div><\/div><div id=\"pgc-214-0-2\"  class=\"panel-grid-cell\" ><div id=\"panel-214-0-2-0\" class=\"so-panel widget widget_sow-image panel-first-child panel-last-child\" data-index=\"3\" ><div\n\t\t\t\n\t\t\tclass=\"so-widget-sow-image so-widget-sow-image-default-8b5b6f678277-214\"\n\t\t\t\n\t\t>\n\n<div class=\"sow-image-container\">\n\t\t<img decoding=\"async\" src=\"http:\/\/produtosema.com.br\/site\/wp-content\/uploads\/2017\/12\/tab_ling_tipo_calab_defum.jpg\" width=\"450\" height=\"516\" srcset=\"http:\/\/produtosema.com.br\/site\/wp-content\/uploads\/2017\/12\/tab_ling_tipo_calab_defum.jpg 450w, http:\/\/produtosema.com.br\/site\/wp-content\/uploads\/2017\/12\/tab_ling_tipo_calab_defum-262x300.jpg 262w\" sizes=\"(max-width: 450px) 100vw, 450px\" alt=\"\" loading=\"lazy\" \t\tclass=\"so-widget-image\"\/>\n\t<\/div>\n\n<\/div><\/div><\/div><\/div><\/div>","protected":false},"excerpt":{"rendered":"<p>Ingredientes: Carne Su\u00edna, Carne Mecanicamente Separada de Aves, Toucinho, \u00c1gua, Sal, Prote\u00edna de Soja, A\u00e7\u00facar, Estabilizante Tripolifosfato de S\u00f3dio, Real\u00e7ador de Sabor Glutamato Monoss\u00f3dico, Antioxidante Eritorbato de S\u00f3dio, Antioxidante \u00c1cido Asc\u00f3rbico, Especiarias e Aromas Naturais, Corante Natural de Cochonilha, Conservadores Nitrito de S\u00f3dio e Nitrato de S\u00f3dio. Cont\u00e9m Carne Mecanicamente Separada de Aves. N\u00c3O CONT\u00c9M [&hellip;]<\/p>\n","protected":false},"author":1,"featured_media":0,"parent":39,"menu_order":0,"comment_status":"closed","ping_status":"closed","template":"","meta":{"_monsterinsights_skip_tracking":false,"_monsterinsights_sitenote_active":false,"_monsterinsights_sitenote_note":"","_monsterinsights_sitenote_category":0,"footnotes":""},"_links":{"self":[{"href":"http:\/\/produtosema.com.br\/site\/wp-json\/wp\/v2\/pages\/214"}],"collection":[{"href":"http:\/\/produtosema.com.br\/site\/wp-json\/wp\/v2\/pages"}],"about":[{"href":"http:\/\/produtosema.com.br\/site\/wp-json\/wp\/v2\/types\/page"}],"author":[{"embeddable":true,"href":"http:\/\/produtosema.com.br\/site\/wp-json\/wp\/v2\/users\/1"}],"replies":[{"embeddable":true,"href":"http:\/\/produtosema.com.br\/site\/wp-json\/wp\/v2\/comments?post=214"}],"version-history":[{"count":2,"href":"http:\/\/produtosema.com.br\/site\/wp-json\/wp\/v2\/pages\/214\/revisions"}],"predecessor-version":[{"id":217,"href":"http:\/\/produtosema.com.br\/site\/wp-json\/wp\/v2\/pages\/214\/revisions\/217"}],"up":[{"embeddable":true,"href":"http:\/\/produtosema.com.br\/site\/wp-json\/wp\/v2\/pages\/39"}],"wp:attachment":[{"href":"http:\/\/produtosema.com.br\/site\/wp-json\/wp\/v2\/media?parent=214"}],"curies":[{"name":"wp","href":"https:\/\/api.w.org\/{rel}","templated":true}]}}