{"id":222,"date":"2017-12-07T12:52:34","date_gmt":"2017-12-07T12:52:34","guid":{"rendered":"http:\/\/produtosema.com.br\/site\/?page_id=222"},"modified":"2017-12-07T12:52:34","modified_gmt":"2017-12-07T12:52:34","slug":"costela-suina-defumada","status":"publish","type":"page","link":"http:\/\/produtosema.com.br\/site\/produtos\/costela-suina-defumada\/","title":{"rendered":"Costela Su\u00edna Defumada"},"content":{"rendered":"<div id=\"pl-222\"  class=\"panel-layout\" ><div id=\"pg-222-0\"  class=\"panel-grid panel-no-style\" ><div id=\"pgc-222-0-0\"  class=\"panel-grid-cell\" ><div id=\"panel-222-0-0-0\" class=\"so-panel widget widget_sow-image panel-first-child\" data-index=\"0\" ><div\n\t\t\t\n\t\t\tclass=\"so-widget-sow-image so-widget-sow-image-default-8b5b6f678277-222\"\n\t\t\t\n\t\t>\n\n<div class=\"sow-image-container\">\n\t\t<img decoding=\"async\" src=\"http:\/\/produtosema.com.br\/site\/wp-content\/uploads\/2017\/11\/costelaSuinaDefumada.jpg\" width=\"800\" height=\"1130\" srcset=\"http:\/\/produtosema.com.br\/site\/wp-content\/uploads\/2017\/11\/costelaSuinaDefumada.jpg 800w, http:\/\/produtosema.com.br\/site\/wp-content\/uploads\/2017\/11\/costelaSuinaDefumada-212x300.jpg 212w, http:\/\/produtosema.com.br\/site\/wp-content\/uploads\/2017\/11\/costelaSuinaDefumada-768x1085.jpg 768w, http:\/\/produtosema.com.br\/site\/wp-content\/uploads\/2017\/11\/costelaSuinaDefumada-725x1024.jpg 725w\" sizes=\"(max-width: 800px) 100vw, 800px\" alt=\"\" loading=\"lazy\" \t\tclass=\"so-widget-image\"\/>\n\t<\/div>\n\n<\/div><\/div><div id=\"panel-222-0-0-1\" class=\"so-panel widget widget_sow-button panel-last-child\" data-index=\"1\" ><div\n\t\t\t\n\t\t\tclass=\"so-widget-sow-button so-widget-sow-button-atom-ce88d318170c-222\"\n\t\t\t\n\t\t><div class=\"ow-button-base ow-button-align-center\">\n\t<a\n\thref=\"http:\/\/produtosema.com.br\/site\/produtos\/\"\n\t\tclass=\"ow-icon-placement-left ow-button-hover\" \t>\n\t\t<span>\n\t\t\t<span class=\"sow-icon-fontawesome sow-fas\" data-sow-icon=\"&#xf060;\"\n\t\tstyle=\"color: #ffffff\" \n\t\taria-hidden=\"true\"><\/span>\n\t\t\tVoltar\t\t<\/span>\n\t<\/a>\n<\/div>\n<\/div><\/div><\/div><div id=\"pgc-222-0-1\"  class=\"panel-grid-cell\" ><div id=\"panel-222-0-1-0\" class=\"so-panel widget widget_sow-editor panel-first-child panel-last-child\" data-index=\"2\" ><div class=\"panel-widget-style panel-widget-style-for-222-0-1-0\" ><div\n\t\t\t\n\t\t\tclass=\"so-widget-sow-editor so-widget-sow-editor-base\"\n\t\t\t\n\t\t>\n<div class=\"siteorigin-widget-tinymce textwidget\">\n\t<h4>Ingredientes:<\/h4>\n<p>Costela Su\u00edna, \u00c1gua, Sal, Estabilizante Polisfofato de S\u00f3dio, A\u00e7\u00facar, Antioxidante Eritorbato de S\u00f3dio, Conservadores Nitrito de S\u00f3dio e Nitrato de S\u00f3dio, Antioxidante \u00c1cido Asc\u00f3rbico\u00a0 e Acidulante \u00c1cido C\u00edtrico.\u00a0 N\u00c3O CONT\u00c9M GL\u00daTEN.<\/p>\n<h4>Embalagem:<\/h4>\n<p>2,5Kg<\/p>\n<\/div>\n<\/div><\/div><\/div><\/div><div id=\"pgc-222-0-2\"  class=\"panel-grid-cell\" ><div id=\"panel-222-0-2-0\" class=\"so-panel widget widget_sow-image panel-first-child panel-last-child\" data-index=\"3\" ><div\n\t\t\t\n\t\t\tclass=\"so-widget-sow-image so-widget-sow-image-default-8b5b6f678277-222\"\n\t\t\t\n\t\t>\n\n<div class=\"sow-image-container\">\n\t\t<img decoding=\"async\" src=\"http:\/\/produtosema.com.br\/site\/wp-content\/uploads\/2017\/12\/tab_Costela_Suina_Defumada.jpg\" width=\"450\" height=\"559\" srcset=\"http:\/\/produtosema.com.br\/site\/wp-content\/uploads\/2017\/12\/tab_Costela_Suina_Defumada.jpg 450w, http:\/\/produtosema.com.br\/site\/wp-content\/uploads\/2017\/12\/tab_Costela_Suina_Defumada-242x300.jpg 242w\" sizes=\"(max-width: 450px) 100vw, 450px\" alt=\"\" loading=\"lazy\" \t\tclass=\"so-widget-image\"\/>\n\t<\/div>\n\n<\/div><\/div><\/div><\/div><\/div>","protected":false},"excerpt":{"rendered":"<p>Ingredientes: Costela Su\u00edna, \u00c1gua, Sal, Estabilizante Polisfofato de S\u00f3dio, A\u00e7\u00facar, Antioxidante Eritorbato de S\u00f3dio, Conservadores Nitrito de S\u00f3dio e Nitrato de S\u00f3dio, Antioxidante \u00c1cido Asc\u00f3rbico\u00a0 e Acidulante \u00c1cido C\u00edtrico.\u00a0 N\u00c3O CONT\u00c9M GL\u00daTEN. Embalagem: 2,5Kg<\/p>\n","protected":false},"author":1,"featured_media":0,"parent":39,"menu_order":0,"comment_status":"closed","ping_status":"closed","template":"","meta":{"_monsterinsights_skip_tracking":false,"_monsterinsights_sitenote_active":false,"_monsterinsights_sitenote_note":"","_monsterinsights_sitenote_category":0,"footnotes":""},"_links":{"self":[{"href":"http:\/\/produtosema.com.br\/site\/wp-json\/wp\/v2\/pages\/222"}],"collection":[{"href":"http:\/\/produtosema.com.br\/site\/wp-json\/wp\/v2\/pages"}],"about":[{"href":"http:\/\/produtosema.com.br\/site\/wp-json\/wp\/v2\/types\/page"}],"author":[{"embeddable":true,"href":"http:\/\/produtosema.com.br\/site\/wp-json\/wp\/v2\/users\/1"}],"replies":[{"embeddable":true,"href":"http:\/\/produtosema.com.br\/site\/wp-json\/wp\/v2\/comments?post=222"}],"version-history":[{"count":2,"href":"http:\/\/produtosema.com.br\/site\/wp-json\/wp\/v2\/pages\/222\/revisions"}],"predecessor-version":[{"id":225,"href":"http:\/\/produtosema.com.br\/site\/wp-json\/wp\/v2\/pages\/222\/revisions\/225"}],"up":[{"embeddable":true,"href":"http:\/\/produtosema.com.br\/site\/wp-json\/wp\/v2\/pages\/39"}],"wp:attachment":[{"href":"http:\/\/produtosema.com.br\/site\/wp-json\/wp\/v2\/media?parent=222"}],"curies":[{"name":"wp","href":"https:\/\/api.w.org\/{rel}","templated":true}]}}