{"id":239,"date":"2017-12-07T13:19:03","date_gmt":"2017-12-07T13:19:03","guid":{"rendered":"http:\/\/produtosema.com.br\/site\/?page_id=239"},"modified":"2017-12-07T16:11:06","modified_gmt":"2017-12-07T16:11:06","slug":"mortadela","status":"publish","type":"page","link":"http:\/\/produtosema.com.br\/site\/produtos\/mortadela\/","title":{"rendered":"Mortadela"},"content":{"rendered":"<div id=\"pl-239\"  class=\"panel-layout\" ><div id=\"pg-239-0\"  class=\"panel-grid panel-no-style\" ><div id=\"pgc-239-0-0\"  class=\"panel-grid-cell\" ><div id=\"panel-239-0-0-0\" class=\"so-panel widget widget_sow-image panel-first-child\" data-index=\"0\" ><div\n\t\t\t\n\t\t\tclass=\"so-widget-sow-image so-widget-sow-image-default-8b5b6f678277-239\"\n\t\t\t\n\t\t>\n\n<div class=\"sow-image-container\">\n\t\t<img decoding=\"async\" src=\"http:\/\/produtosema.com.br\/site\/wp-content\/uploads\/2017\/12\/mortadelas.jpg\" width=\"800\" height=\"1130\" srcset=\"http:\/\/produtosema.com.br\/site\/wp-content\/uploads\/2017\/12\/mortadelas.jpg 800w, http:\/\/produtosema.com.br\/site\/wp-content\/uploads\/2017\/12\/mortadelas-212x300.jpg 212w, http:\/\/produtosema.com.br\/site\/wp-content\/uploads\/2017\/12\/mortadelas-768x1085.jpg 768w, http:\/\/produtosema.com.br\/site\/wp-content\/uploads\/2017\/12\/mortadelas-725x1024.jpg 725w\" sizes=\"(max-width: 800px) 100vw, 800px\" alt=\"\" loading=\"lazy\" \t\tclass=\"so-widget-image\"\/>\n\t<\/div>\n\n<\/div><\/div><div id=\"panel-239-0-0-1\" class=\"so-panel widget widget_sow-button panel-last-child\" data-index=\"1\" ><div\n\t\t\t\n\t\t\tclass=\"so-widget-sow-button so-widget-sow-button-atom-ce88d318170c-239\"\n\t\t\t\n\t\t><div class=\"ow-button-base ow-button-align-center\">\n\t<a\n\thref=\"http:\/\/produtosema.com.br\/site\/produtos\/\"\n\t\tclass=\"ow-icon-placement-left ow-button-hover\" \t>\n\t\t<span>\n\t\t\t<span class=\"sow-icon-fontawesome sow-fas\" data-sow-icon=\"&#xf060;\"\n\t\tstyle=\"color: #ffffff\" \n\t\taria-hidden=\"true\"><\/span>\n\t\t\tVoltar\t\t<\/span>\n\t<\/a>\n<\/div>\n<\/div><\/div><\/div><div id=\"pgc-239-0-1\"  class=\"panel-grid-cell\" ><div id=\"panel-239-0-1-0\" class=\"so-panel widget widget_sow-editor panel-first-child panel-last-child\" data-index=\"2\" ><div class=\"panel-widget-style panel-widget-style-for-239-0-1-0\" ><div\n\t\t\t\n\t\t\tclass=\"so-widget-sow-editor so-widget-sow-editor-base\"\n\t\t\t\n\t\t>\n<div class=\"siteorigin-widget-tinymce textwidget\">\n\t<h4>Ingredientes:<\/h4>\n<p>Carne mecanicamente separada de aves, carne bovina, toucinho su\u00edno, \u00e1gua, amido, prote\u00edna de soja, sal, regulador de acidez lactato de s\u00f3dio, estabilizante tripolifosfato de s\u00f3dio e pirofosfato \u00e1cido de s\u00f3dio, glutamato monoss\u00f3dico, antioxidante eritorbato de s\u00f3dio, antioxidante \u00e1cido asc\u00f3rbico, especiarias e aromas naturais, conservadores nitrito de s\u00f3dio e nitrato de s\u00f3dio e corante natural carmim de cochonilla. N\u00c3O CONT\u00c9M GL\u00daTEN.<\/p>\n<h4>Embalagens:<\/h4>\n<p>1Kg<br \/>\n500g<br \/>\n200g<\/p>\n<\/div>\n<\/div><\/div><\/div><\/div><div id=\"pgc-239-0-2\"  class=\"panel-grid-cell\" ><div id=\"panel-239-0-2-0\" class=\"so-panel widget widget_sow-image panel-first-child panel-last-child\" data-index=\"3\" ><div\n\t\t\t\n\t\t\tclass=\"so-widget-sow-image so-widget-sow-image-default-8b5b6f678277-239\"\n\t\t\t\n\t\t>\n\n<div class=\"sow-image-container\">\n\t\t<img decoding=\"async\" src=\"http:\/\/produtosema.com.br\/site\/wp-content\/uploads\/2017\/12\/tab_mortadela.jpg\" width=\"449\" height=\"437\" srcset=\"http:\/\/produtosema.com.br\/site\/wp-content\/uploads\/2017\/12\/tab_mortadela.jpg 449w, http:\/\/produtosema.com.br\/site\/wp-content\/uploads\/2017\/12\/tab_mortadela-300x292.jpg 300w\" sizes=\"(max-width: 449px) 100vw, 449px\" alt=\"\" loading=\"lazy\" \t\tclass=\"so-widget-image\"\/>\n\t<\/div>\n\n<\/div><\/div><\/div><\/div><\/div>","protected":false},"excerpt":{"rendered":"<p>Ingredientes: Carne mecanicamente separada de aves, carne bovina, toucinho su\u00edno, \u00e1gua, amido, prote\u00edna de soja, sal, regulador de acidez lactato de s\u00f3dio, estabilizante tripolifosfato de s\u00f3dio e pirofosfato \u00e1cido de s\u00f3dio, glutamato monoss\u00f3dico, antioxidante eritorbato de s\u00f3dio, antioxidante \u00e1cido asc\u00f3rbico, especiarias e aromas naturais, conservadores nitrito de s\u00f3dio e nitrato de s\u00f3dio e corante natural [&hellip;]<\/p>\n","protected":false},"author":1,"featured_media":0,"parent":39,"menu_order":0,"comment_status":"closed","ping_status":"closed","template":"","meta":{"_monsterinsights_skip_tracking":false,"_monsterinsights_sitenote_active":false,"_monsterinsights_sitenote_note":"","_monsterinsights_sitenote_category":0,"footnotes":""},"_links":{"self":[{"href":"http:\/\/produtosema.com.br\/site\/wp-json\/wp\/v2\/pages\/239"}],"collection":[{"href":"http:\/\/produtosema.com.br\/site\/wp-json\/wp\/v2\/pages"}],"about":[{"href":"http:\/\/produtosema.com.br\/site\/wp-json\/wp\/v2\/types\/page"}],"author":[{"embeddable":true,"href":"http:\/\/produtosema.com.br\/site\/wp-json\/wp\/v2\/users\/1"}],"replies":[{"embeddable":true,"href":"http:\/\/produtosema.com.br\/site\/wp-json\/wp\/v2\/comments?post=239"}],"version-history":[{"count":4,"href":"http:\/\/produtosema.com.br\/site\/wp-json\/wp\/v2\/pages\/239\/revisions"}],"predecessor-version":[{"id":257,"href":"http:\/\/produtosema.com.br\/site\/wp-json\/wp\/v2\/pages\/239\/revisions\/257"}],"up":[{"embeddable":true,"href":"http:\/\/produtosema.com.br\/site\/wp-json\/wp\/v2\/pages\/39"}],"wp:attachment":[{"href":"http:\/\/produtosema.com.br\/site\/wp-json\/wp\/v2\/media?parent=239"}],"curies":[{"name":"wp","href":"https:\/\/api.w.org\/{rel}","templated":true}]}}